{"id":8,"date":"2019-06-03T12:41:26","date_gmt":"2019-06-03T12:41:26","guid":{"rendered":"https:\/\/themes.muffingroup.com\/be\/diet2\/?page_id=8"},"modified":"2021-05-11T06:53:39","modified_gmt":"2021-05-11T06:53:39","slug":"acasa","status":"publish","type":"page","link":"https:\/\/biocomp.ro\/profesional\/","title":{"rendered":"Acas\u0103"},"content":{"rendered":"","protected":false},"excerpt":{"rendered":"","protected":false},"author":1,"featured_media":171,"parent":0,"menu_order":0,"comment_status":"closed","ping_status":"closed","template":"","meta":{"spay_email":""},"yoast_head":"<!-- This site is optimized with the Yoast SEO Premium plugin v18.0 (Yoast SEO v18.4.1) - https:\/\/yoast.com\/wordpress\/plugins\/seo\/ -->\n<title>BIOCOMP - Produc\u0103tor dispozitive biocide cu lumina ultravioleta UV-C<\/title>\n<meta name=\"description\" content=\"BIOCOMP \u2013 Lider de pia\u0163\u0103 \u00een domeniul dezinfec\u0163iei, oferind dispozitive de dezinfectie cu lumin\u0103 ultraviolet\u0103 UV-C. Afl\u0103 mai multe!\" \/>\n<meta name=\"robots\" content=\"index, follow, max-snippet:-1, max-image-preview:large, max-video-preview:-1\" \/>\n<link rel=\"canonical\" href=\"https:\/\/biocomp.ro\/profesional\/\" \/>\n<meta property=\"og:locale\" content=\"ro_RO\" \/>\n<meta property=\"og:type\" content=\"article\" \/>\n<meta property=\"og:title\" content=\"Acas\u0103\" \/>\n<meta property=\"og:description\" content=\"BIOCOMP \u2013 Lider de pia\u0163\u0103 \u00een domeniul dezinfec\u0163iei, oferind dispozitive de dezinfectie cu lumin\u0103 ultraviolet\u0103 UV-C. Afl\u0103 mai multe!\" \/>\n<meta property=\"og:url\" content=\"https:\/\/biocomp.ro\/profesional\/\" \/>\n<meta property=\"og:site_name\" content=\"BIOCOMP Profesional\" \/>\n<meta property=\"article:modified_time\" content=\"2021-05-11T06:53:39+00:00\" \/>\n<meta property=\"og:image\" content=\"https:\/\/biocomp.ro\/profesional\/wp-content\/uploads\/sites\/2\/2019\/06\/biocomp-profesional2.jpg\" \/>\n\t<meta property=\"og:image:width\" content=\"1000\" \/>\n\t<meta property=\"og:image:height\" content=\"543\" \/>\n\t<meta property=\"og:image:type\" content=\"image\/jpeg\" \/>\n<meta name=\"twitter:card\" content=\"summary_large_image\" \/>\n<script type=\"application\/ld+json\" class=\"yoast-schema-graph\">{\"@context\":\"https:\/\/schema.org\",\"@graph\":[{\"@type\":[\"Organization\",\"Place\",\"LocalBusiness\"],\"@id\":\"https:\/\/biocomp.ro\/profesional\/#organization\",\"name\":\"Biocomp\",\"url\":\"https:\/\/biocomp.ro\/profesional\/\",\"sameAs\":[],\"logo\":{\"@id\":\"https:\/\/biocomp.ro\/profesional\/#local-main-organization-logo\"},\"image\":{\"@id\":\"https:\/\/biocomp.ro\/profesional\/#local-main-organization-logo\"},\"address\":{\"@id\":\"https:\/\/biocomp.ro\/profesional\/#local-main-place-address\"},\"telephone\":[\"+40.232.315.433\",\"+40.723.234.030\"],\"openingHoursSpecification\":[{\"@type\":\"OpeningHoursSpecification\",\"dayOfWeek\":[\"Monday\",\"Tuesday\",\"Wednesday\",\"Thursday\",\"Friday\",\"Saturday\",\"Sunday\"],\"opens\":\"09:00\",\"closes\":\"17:00\"}],\"email\":\"office@biocomp.ro\",\"faxNumber\":\"+40.232.213.930\",\"vatID\":\"RO1973703\",\"taxID\":\"RO1973703\"},{\"@type\":\"WebSite\",\"@id\":\"https:\/\/biocomp.ro\/profesional\/#website\",\"url\":\"https:\/\/biocomp.ro\/profesional\/\",\"name\":\"BIOCOMP Profesional\",\"description\":\"Produc\u0103tor l\u0103mpi \u0219i dispozitive bactericide\",\"publisher\":{\"@id\":\"https:\/\/biocomp.ro\/profesional\/#organization\"},\"potentialAction\":[{\"@type\":\"SearchAction\",\"target\":{\"@type\":\"EntryPoint\",\"urlTemplate\":\"https:\/\/biocomp.ro\/profesional\/?s={search_term_string}\"},\"query-input\":\"required name=search_term_string\"}],\"inLanguage\":\"ro-RO\"},{\"@type\":\"ImageObject\",\"@id\":\"https:\/\/biocomp.ro\/profesional\/#primaryimage\",\"inLanguage\":\"ro-RO\",\"url\":\"https:\/\/biocomp.ro\/profesional\/wp-content\/uploads\/sites\/2\/2019\/06\/biocomp-profesional2.jpg\",\"contentUrl\":\"https:\/\/biocomp.ro\/profesional\/wp-content\/uploads\/sites\/2\/2019\/06\/biocomp-profesional2.jpg\",\"width\":1000,\"height\":543},{\"@type\":\"WebPage\",\"@id\":\"https:\/\/biocomp.ro\/profesional\/#webpage\",\"url\":\"https:\/\/biocomp.ro\/profesional\/\",\"name\":\"BIOCOMP - Produc\u0103tor dispozitive biocide cu lumina ultravioleta UV-C\",\"isPartOf\":{\"@id\":\"https:\/\/biocomp.ro\/profesional\/#website\"},\"primaryImageOfPage\":{\"@id\":\"https:\/\/biocomp.ro\/profesional\/#primaryimage\"},\"datePublished\":\"2019-06-03T12:41:26+00:00\",\"dateModified\":\"2021-05-11T06:53:39+00:00\",\"description\":\"BIOCOMP \u2013 Lider de pia\u0163\u0103 \u00een domeniul dezinfec\u0163iei, oferind dispozitive de dezinfectie cu lumin\u0103 ultraviolet\u0103 UV-C. Afl\u0103 mai multe!\",\"breadcrumb\":{\"@id\":\"https:\/\/biocomp.ro\/profesional\/#breadcrumb\"},\"inLanguage\":\"ro-RO\",\"potentialAction\":[{\"@type\":\"ReadAction\",\"target\":[\"https:\/\/biocomp.ro\/profesional\/\"]}]},{\"@type\":\"BreadcrumbList\",\"@id\":\"https:\/\/biocomp.ro\/profesional\/#breadcrumb\",\"itemListElement\":[{\"@type\":\"ListItem\",\"position\":1,\"name\":\"Prima pagin\u0103\",\"item\":\"https:\/\/biocomp.ro\/profesional\/\"},{\"@type\":\"ListItem\",\"position\":2,\"name\":\"Acas\u0103\"}]},{\"@type\":\"PostalAddress\",\"@id\":\"https:\/\/biocomp.ro\/profesional\/#local-main-place-address\",\"streetAddress\":\"Bd. Chimiei, Nr. 12\",\"addressLocality\":\"Iasi\",\"postalCode\":\"Bd. Chimiei, Nr. 12\",\"addressRegion\":\"Iasi\",\"addressCountry\":\"RO\"},{\"@type\":\"ImageObject\",\"@id\":\"https:\/\/biocomp.ro\/profesional\/#local-main-organization-logo\",\"inLanguage\":\"ro-RO\",\"url\":\"https:\/\/biocomp.ro\/profesional\/wp-content\/uploads\/sites\/2\/2022\/02\/Logo-BIOCOMP-20201.png\",\"contentUrl\":\"https:\/\/biocomp.ro\/profesional\/wp-content\/uploads\/sites\/2\/2022\/02\/Logo-BIOCOMP-20201.png\",\"width\":250,\"height\":64,\"caption\":\"Biocomp\"}]}<\/script>\n<meta name=\"geo.placename\" content=\"Iasi\" \/>\n<meta name=\"geo.region\" content=\"Romania\" \/>\n<!-- \/ Yoast SEO Premium plugin. -->","yoast_head_json":{"title":"BIOCOMP - Produc\u0103tor dispozitive biocide cu lumina ultravioleta UV-C","description":"BIOCOMP \u2013 Lider de pia\u0163\u0103 \u00een domeniul dezinfec\u0163iei, oferind dispozitive de dezinfectie cu lumin\u0103 ultraviolet\u0103 UV-C. Afl\u0103 mai multe!","robots":{"index":"index","follow":"follow","max-snippet":"max-snippet:-1","max-image-preview":"max-image-preview:large","max-video-preview":"max-video-preview:-1"},"canonical":"https:\/\/biocomp.ro\/profesional\/","og_locale":"ro_RO","og_type":"article","og_title":"Acas\u0103","og_description":"BIOCOMP \u2013 Lider de pia\u0163\u0103 \u00een domeniul dezinfec\u0163iei, oferind dispozitive de dezinfectie cu lumin\u0103 ultraviolet\u0103 UV-C. Afl\u0103 mai multe!","og_url":"https:\/\/biocomp.ro\/profesional\/","og_site_name":"BIOCOMP Profesional","article_modified_time":"2021-05-11T06:53:39+00:00","og_image":[{"width":1000,"height":543,"url":"https:\/\/biocomp.ro\/profesional\/wp-content\/uploads\/sites\/2\/2019\/06\/biocomp-profesional2.jpg","type":"image\/jpeg"}],"twitter_card":"summary_large_image","schema":{"@context":"https:\/\/schema.org","@graph":[{"@type":["Organization","Place","LocalBusiness"],"@id":"https:\/\/biocomp.ro\/profesional\/#organization","name":"Biocomp","url":"https:\/\/biocomp.ro\/profesional\/","sameAs":[],"logo":{"@id":"https:\/\/biocomp.ro\/profesional\/#local-main-organization-logo"},"image":{"@id":"https:\/\/biocomp.ro\/profesional\/#local-main-organization-logo"},"address":{"@id":"https:\/\/biocomp.ro\/profesional\/#local-main-place-address"},"telephone":["+40.232.315.433","+40.723.234.030"],"openingHoursSpecification":[{"@type":"OpeningHoursSpecification","dayOfWeek":["Monday","Tuesday","Wednesday","Thursday","Friday","Saturday","Sunday"],"opens":"09:00","closes":"17:00"}],"email":"office@biocomp.ro","faxNumber":"+40.232.213.930","vatID":"RO1973703","taxID":"RO1973703"},{"@type":"WebSite","@id":"https:\/\/biocomp.ro\/profesional\/#website","url":"https:\/\/biocomp.ro\/profesional\/","name":"BIOCOMP Profesional","description":"Produc\u0103tor l\u0103mpi \u0219i dispozitive bactericide","publisher":{"@id":"https:\/\/biocomp.ro\/profesional\/#organization"},"potentialAction":[{"@type":"SearchAction","target":{"@type":"EntryPoint","urlTemplate":"https:\/\/biocomp.ro\/profesional\/?s={search_term_string}"},"query-input":"required name=search_term_string"}],"inLanguage":"ro-RO"},{"@type":"ImageObject","@id":"https:\/\/biocomp.ro\/profesional\/#primaryimage","inLanguage":"ro-RO","url":"https:\/\/biocomp.ro\/profesional\/wp-content\/uploads\/sites\/2\/2019\/06\/biocomp-profesional2.jpg","contentUrl":"https:\/\/biocomp.ro\/profesional\/wp-content\/uploads\/sites\/2\/2019\/06\/biocomp-profesional2.jpg","width":1000,"height":543},{"@type":"WebPage","@id":"https:\/\/biocomp.ro\/profesional\/#webpage","url":"https:\/\/biocomp.ro\/profesional\/","name":"BIOCOMP - Produc\u0103tor dispozitive biocide cu lumina ultravioleta UV-C","isPartOf":{"@id":"https:\/\/biocomp.ro\/profesional\/#website"},"primaryImageOfPage":{"@id":"https:\/\/biocomp.ro\/profesional\/#primaryimage"},"datePublished":"2019-06-03T12:41:26+00:00","dateModified":"2021-05-11T06:53:39+00:00","description":"BIOCOMP \u2013 Lider de pia\u0163\u0103 \u00een domeniul dezinfec\u0163iei, oferind dispozitive de dezinfectie cu lumin\u0103 ultraviolet\u0103 UV-C. Afl\u0103 mai multe!","breadcrumb":{"@id":"https:\/\/biocomp.ro\/profesional\/#breadcrumb"},"inLanguage":"ro-RO","potentialAction":[{"@type":"ReadAction","target":["https:\/\/biocomp.ro\/profesional\/"]}]},{"@type":"BreadcrumbList","@id":"https:\/\/biocomp.ro\/profesional\/#breadcrumb","itemListElement":[{"@type":"ListItem","position":1,"name":"Prima pagin\u0103","item":"https:\/\/biocomp.ro\/profesional\/"},{"@type":"ListItem","position":2,"name":"Acas\u0103"}]},{"@type":"PostalAddress","@id":"https:\/\/biocomp.ro\/profesional\/#local-main-place-address","streetAddress":"Bd. Chimiei, Nr. 12","addressLocality":"Iasi","postalCode":"Bd. Chimiei, Nr. 12","addressRegion":"Iasi","addressCountry":"RO"},{"@type":"ImageObject","@id":"https:\/\/biocomp.ro\/profesional\/#local-main-organization-logo","inLanguage":"ro-RO","url":"https:\/\/biocomp.ro\/profesional\/wp-content\/uploads\/sites\/2\/2022\/02\/Logo-BIOCOMP-20201.png","contentUrl":"https:\/\/biocomp.ro\/profesional\/wp-content\/uploads\/sites\/2\/2022\/02\/Logo-BIOCOMP-20201.png","width":250,"height":64,"caption":"Biocomp"}]},"geo.placename":"Iasi","geo.region":"Romania"},"_links":{"self":[{"href":"https:\/\/biocomp.ro\/profesional\/wp-json\/wp\/v2\/pages\/8"}],"collection":[{"href":"https:\/\/biocomp.ro\/profesional\/wp-json\/wp\/v2\/pages"}],"about":[{"href":"https:\/\/biocomp.ro\/profesional\/wp-json\/wp\/v2\/types\/page"}],"author":[{"embeddable":true,"href":"https:\/\/biocomp.ro\/profesional\/wp-json\/wp\/v2\/users\/1"}],"replies":[{"embeddable":true,"href":"https:\/\/biocomp.ro\/profesional\/wp-json\/wp\/v2\/comments?post=8"}],"version-history":[{"count":2,"href":"https:\/\/biocomp.ro\/profesional\/wp-json\/wp\/v2\/pages\/8\/revisions"}],"predecessor-version":[{"id":175,"href":"https:\/\/biocomp.ro\/profesional\/wp-json\/wp\/v2\/pages\/8\/revisions\/175"}],"wp:featuredmedia":[{"embeddable":true,"href":"https:\/\/biocomp.ro\/profesional\/wp-json\/wp\/v2\/media\/171"}],"wp:attachment":[{"href":"https:\/\/biocomp.ro\/profesional\/wp-json\/wp\/v2\/media?parent=8"}],"curies":[{"name":"wp","href":"https:\/\/api.w.org\/{rel}","templated":true}]}}