{"id":12,"date":"2019-01-03T12:42:26","date_gmt":"2019-01-03T12:42:26","guid":{"rendered":"https:\/\/themes.muffingroup.com\/be\/diet2\/?page_id=12"},"modified":"2022-02-22T11:45:13","modified_gmt":"2022-02-22T09:45:13","slug":"domeniul-industriei-alimentare","status":"publish","type":"page","link":"https:\/\/biocomp.ro\/profesional\/domeniul-industriei-alimentare\/","title":{"rendered":"Domeniul Industriei Alimentare \u015fi Cre\u015fterii Animalelor"},"content":{"rendered":"","protected":false},"excerpt":{"rendered":"","protected":false},"author":1,"featured_media":0,"parent":0,"menu_order":0,"comment_status":"closed","ping_status":"closed","template":"","meta":{"spay_email":""},"yoast_head":"<!-- This site is optimized with the Yoast SEO Premium plugin v18.0 (Yoast SEO v18.4.1) - https:\/\/yoast.com\/wordpress\/plugins\/seo\/ -->\n<title>Domeniul Industriei Alimentare \u015fi Cre\u015fterii Animalelor - BIOCOMP Profesional<\/title>\n<meta name=\"description\" content=\"Lider de pia\u0163\u0103 \u00een domeniul dezinfec\u0163iei cu lumin\u0103 ultraviolet\u0103 UV-C, oferind sisteme integrate de biosecuritate ecologic\u0103 pentru industria alimentar\u0103.\" \/>\n<meta name=\"robots\" content=\"index, follow, max-snippet:-1, max-image-preview:large, max-video-preview:-1\" \/>\n<link rel=\"canonical\" href=\"https:\/\/biocomp.ro\/profesional\/domeniul-industriei-alimentare\/\" \/>\n<meta property=\"og:locale\" content=\"ro_RO\" \/>\n<meta property=\"og:type\" content=\"article\" \/>\n<meta property=\"og:title\" content=\"Domeniul Industriei Alimentare \u015fi Cre\u015fterii Animalelor\" \/>\n<meta property=\"og:description\" content=\"Lider de pia\u0163\u0103 \u00een domeniul dezinfec\u0163iei cu lumin\u0103 ultraviolet\u0103 UV-C, oferind sisteme integrate de biosecuritate ecologic\u0103 pentru industria alimentar\u0103.\" \/>\n<meta property=\"og:url\" content=\"https:\/\/biocomp.ro\/profesional\/domeniul-industriei-alimentare\/\" \/>\n<meta property=\"og:site_name\" content=\"BIOCOMP Profesional\" \/>\n<meta property=\"article:modified_time\" content=\"2022-02-22T09:45:13+00:00\" \/>\n<meta name=\"twitter:card\" content=\"summary_large_image\" \/>\n<script type=\"application\/ld+json\" class=\"yoast-schema-graph\">{\"@context\":\"https:\/\/schema.org\",\"@graph\":[{\"@type\":[\"Organization\",\"Place\",\"LocalBusiness\"],\"@id\":\"https:\/\/biocomp.ro\/profesional\/#organization\",\"name\":\"Biocomp\",\"url\":\"https:\/\/biocomp.ro\/profesional\/\",\"sameAs\":[],\"logo\":{\"@id\":\"https:\/\/biocomp.ro\/profesional\/domeniul-industriei-alimentare\/#local-main-organization-logo\"},\"image\":{\"@id\":\"https:\/\/biocomp.ro\/profesional\/domeniul-industriei-alimentare\/#local-main-organization-logo\"},\"address\":{\"@id\":\"https:\/\/biocomp.ro\/profesional\/domeniul-industriei-alimentare\/#local-main-place-address\"},\"telephone\":[\"+40.232.315.433\",\"+40.723.234.030\"],\"openingHoursSpecification\":[{\"@type\":\"OpeningHoursSpecification\",\"dayOfWeek\":[\"Monday\",\"Tuesday\",\"Wednesday\",\"Thursday\",\"Friday\",\"Saturday\",\"Sunday\"],\"opens\":\"09:00\",\"closes\":\"17:00\"}],\"email\":\"office@biocomp.ro\",\"faxNumber\":\"+40.232.213.930\",\"vatID\":\"RO1973703\",\"taxID\":\"RO1973703\"},{\"@type\":\"WebSite\",\"@id\":\"https:\/\/biocomp.ro\/profesional\/#website\",\"url\":\"https:\/\/biocomp.ro\/profesional\/\",\"name\":\"BIOCOMP Profesional\",\"description\":\"Produc\u0103tor l\u0103mpi \u0219i dispozitive bactericide\",\"publisher\":{\"@id\":\"https:\/\/biocomp.ro\/profesional\/#organization\"},\"potentialAction\":[{\"@type\":\"SearchAction\",\"target\":{\"@type\":\"EntryPoint\",\"urlTemplate\":\"https:\/\/biocomp.ro\/profesional\/?s={search_term_string}\"},\"query-input\":\"required name=search_term_string\"}],\"inLanguage\":\"ro-RO\"},{\"@type\":\"WebPage\",\"@id\":\"https:\/\/biocomp.ro\/profesional\/domeniul-industriei-alimentare\/#webpage\",\"url\":\"https:\/\/biocomp.ro\/profesional\/domeniul-industriei-alimentare\/\",\"name\":\"Domeniul Industriei Alimentare \u015fi Cre\u015fterii Animalelor - BIOCOMP Profesional\",\"isPartOf\":{\"@id\":\"https:\/\/biocomp.ro\/profesional\/#website\"},\"datePublished\":\"2019-01-03T12:42:26+00:00\",\"dateModified\":\"2022-02-22T09:45:13+00:00\",\"description\":\"Lider de pia\u0163\u0103 \u00een domeniul dezinfec\u0163iei cu lumin\u0103 ultraviolet\u0103 UV-C, oferind sisteme integrate de biosecuritate ecologic\u0103 pentru industria alimentar\u0103.\",\"breadcrumb\":{\"@id\":\"https:\/\/biocomp.ro\/profesional\/domeniul-industriei-alimentare\/#breadcrumb\"},\"inLanguage\":\"ro-RO\",\"potentialAction\":[{\"@type\":\"ReadAction\",\"target\":[\"https:\/\/biocomp.ro\/profesional\/domeniul-industriei-alimentare\/\"]}]},{\"@type\":\"BreadcrumbList\",\"@id\":\"https:\/\/biocomp.ro\/profesional\/domeniul-industriei-alimentare\/#breadcrumb\",\"itemListElement\":[{\"@type\":\"ListItem\",\"position\":1,\"name\":\"Prima pagin\u0103\",\"item\":\"https:\/\/biocomp.ro\/profesional\/\"},{\"@type\":\"ListItem\",\"position\":2,\"name\":\"Domeniul Industriei Alimentare \u015fi Cre\u015fterii Animalelor\"}]},{\"@type\":\"PostalAddress\",\"@id\":\"https:\/\/biocomp.ro\/profesional\/domeniul-industriei-alimentare\/#local-main-place-address\",\"streetAddress\":\"Bd. Chimiei, Nr. 12\",\"addressLocality\":\"Iasi\",\"postalCode\":\"Bd. Chimiei, Nr. 12\",\"addressRegion\":\"Iasi\",\"addressCountry\":\"RO\"},{\"@type\":\"ImageObject\",\"@id\":\"https:\/\/biocomp.ro\/profesional\/domeniul-industriei-alimentare\/#local-main-organization-logo\",\"inLanguage\":\"ro-RO\",\"url\":\"https:\/\/biocomp.ro\/profesional\/wp-content\/uploads\/sites\/2\/2022\/02\/Logo-BIOCOMP-20201.png\",\"contentUrl\":\"https:\/\/biocomp.ro\/profesional\/wp-content\/uploads\/sites\/2\/2022\/02\/Logo-BIOCOMP-20201.png\",\"width\":250,\"height\":64,\"caption\":\"Biocomp\"}]}<\/script>\n<meta name=\"geo.placename\" content=\"Iasi\" \/>\n<meta name=\"geo.region\" content=\"Romania\" \/>\n<!-- \/ Yoast SEO Premium plugin. -->","yoast_head_json":{"title":"Domeniul Industriei Alimentare \u015fi Cre\u015fterii Animalelor - BIOCOMP Profesional","description":"Lider de pia\u0163\u0103 \u00een domeniul dezinfec\u0163iei cu lumin\u0103 ultraviolet\u0103 UV-C, oferind sisteme integrate de biosecuritate ecologic\u0103 pentru industria alimentar\u0103.","robots":{"index":"index","follow":"follow","max-snippet":"max-snippet:-1","max-image-preview":"max-image-preview:large","max-video-preview":"max-video-preview:-1"},"canonical":"https:\/\/biocomp.ro\/profesional\/domeniul-industriei-alimentare\/","og_locale":"ro_RO","og_type":"article","og_title":"Domeniul Industriei Alimentare \u015fi Cre\u015fterii Animalelor","og_description":"Lider de pia\u0163\u0103 \u00een domeniul dezinfec\u0163iei cu lumin\u0103 ultraviolet\u0103 UV-C, oferind sisteme integrate de biosecuritate ecologic\u0103 pentru industria alimentar\u0103.","og_url":"https:\/\/biocomp.ro\/profesional\/domeniul-industriei-alimentare\/","og_site_name":"BIOCOMP Profesional","article_modified_time":"2022-02-22T09:45:13+00:00","twitter_card":"summary_large_image","schema":{"@context":"https:\/\/schema.org","@graph":[{"@type":["Organization","Place","LocalBusiness"],"@id":"https:\/\/biocomp.ro\/profesional\/#organization","name":"Biocomp","url":"https:\/\/biocomp.ro\/profesional\/","sameAs":[],"logo":{"@id":"https:\/\/biocomp.ro\/profesional\/domeniul-industriei-alimentare\/#local-main-organization-logo"},"image":{"@id":"https:\/\/biocomp.ro\/profesional\/domeniul-industriei-alimentare\/#local-main-organization-logo"},"address":{"@id":"https:\/\/biocomp.ro\/profesional\/domeniul-industriei-alimentare\/#local-main-place-address"},"telephone":["+40.232.315.433","+40.723.234.030"],"openingHoursSpecification":[{"@type":"OpeningHoursSpecification","dayOfWeek":["Monday","Tuesday","Wednesday","Thursday","Friday","Saturday","Sunday"],"opens":"09:00","closes":"17:00"}],"email":"office@biocomp.ro","faxNumber":"+40.232.213.930","vatID":"RO1973703","taxID":"RO1973703"},{"@type":"WebSite","@id":"https:\/\/biocomp.ro\/profesional\/#website","url":"https:\/\/biocomp.ro\/profesional\/","name":"BIOCOMP Profesional","description":"Produc\u0103tor l\u0103mpi \u0219i dispozitive bactericide","publisher":{"@id":"https:\/\/biocomp.ro\/profesional\/#organization"},"potentialAction":[{"@type":"SearchAction","target":{"@type":"EntryPoint","urlTemplate":"https:\/\/biocomp.ro\/profesional\/?s={search_term_string}"},"query-input":"required name=search_term_string"}],"inLanguage":"ro-RO"},{"@type":"WebPage","@id":"https:\/\/biocomp.ro\/profesional\/domeniul-industriei-alimentare\/#webpage","url":"https:\/\/biocomp.ro\/profesional\/domeniul-industriei-alimentare\/","name":"Domeniul Industriei Alimentare \u015fi Cre\u015fterii Animalelor - BIOCOMP Profesional","isPartOf":{"@id":"https:\/\/biocomp.ro\/profesional\/#website"},"datePublished":"2019-01-03T12:42:26+00:00","dateModified":"2022-02-22T09:45:13+00:00","description":"Lider de pia\u0163\u0103 \u00een domeniul dezinfec\u0163iei cu lumin\u0103 ultraviolet\u0103 UV-C, oferind sisteme integrate de biosecuritate ecologic\u0103 pentru industria alimentar\u0103.","breadcrumb":{"@id":"https:\/\/biocomp.ro\/profesional\/domeniul-industriei-alimentare\/#breadcrumb"},"inLanguage":"ro-RO","potentialAction":[{"@type":"ReadAction","target":["https:\/\/biocomp.ro\/profesional\/domeniul-industriei-alimentare\/"]}]},{"@type":"BreadcrumbList","@id":"https:\/\/biocomp.ro\/profesional\/domeniul-industriei-alimentare\/#breadcrumb","itemListElement":[{"@type":"ListItem","position":1,"name":"Prima pagin\u0103","item":"https:\/\/biocomp.ro\/profesional\/"},{"@type":"ListItem","position":2,"name":"Domeniul Industriei Alimentare \u015fi Cre\u015fterii Animalelor"}]},{"@type":"PostalAddress","@id":"https:\/\/biocomp.ro\/profesional\/domeniul-industriei-alimentare\/#local-main-place-address","streetAddress":"Bd. Chimiei, Nr. 12","addressLocality":"Iasi","postalCode":"Bd. Chimiei, Nr. 12","addressRegion":"Iasi","addressCountry":"RO"},{"@type":"ImageObject","@id":"https:\/\/biocomp.ro\/profesional\/domeniul-industriei-alimentare\/#local-main-organization-logo","inLanguage":"ro-RO","url":"https:\/\/biocomp.ro\/profesional\/wp-content\/uploads\/sites\/2\/2022\/02\/Logo-BIOCOMP-20201.png","contentUrl":"https:\/\/biocomp.ro\/profesional\/wp-content\/uploads\/sites\/2\/2022\/02\/Logo-BIOCOMP-20201.png","width":250,"height":64,"caption":"Biocomp"}]},"geo.placename":"Iasi","geo.region":"Romania"},"_links":{"self":[{"href":"https:\/\/biocomp.ro\/profesional\/wp-json\/wp\/v2\/pages\/12"}],"collection":[{"href":"https:\/\/biocomp.ro\/profesional\/wp-json\/wp\/v2\/pages"}],"about":[{"href":"https:\/\/biocomp.ro\/profesional\/wp-json\/wp\/v2\/types\/page"}],"author":[{"embeddable":true,"href":"https:\/\/biocomp.ro\/profesional\/wp-json\/wp\/v2\/users\/1"}],"replies":[{"embeddable":true,"href":"https:\/\/biocomp.ro\/profesional\/wp-json\/wp\/v2\/comments?post=12"}],"version-history":[{"count":3,"href":"https:\/\/biocomp.ro\/profesional\/wp-json\/wp\/v2\/pages\/12\/revisions"}],"predecessor-version":[{"id":239,"href":"https:\/\/biocomp.ro\/profesional\/wp-json\/wp\/v2\/pages\/12\/revisions\/239"}],"wp:attachment":[{"href":"https:\/\/biocomp.ro\/profesional\/wp-json\/wp\/v2\/media?parent=12"}],"curies":[{"name":"wp","href":"https:\/\/api.w.org\/{rel}","templated":true}]}}